{"id":164,"date":"2016-02-05T01:30:49","date_gmt":"2016-02-05T01:30:49","guid":{"rendered":"http:\/\/shtheme.com\/demosd\/logis-cargo\/?page_id=164"},"modified":"2021-07-27T15:53:43","modified_gmt":"2021-07-27T18:53:43","slug":"about-us","status":"publish","type":"page","link":"http:\/\/www.rendef.com.uy\/?page_id=164","title":{"rendered":"Quienes Somos"},"content":{"rendered":"<p>[vc_row full_width=&#8221;stretch_row&#8221; css=&#8221;.vc_custom_1461251963283{background-color: #f4f5f7 !important;}&#8221;][vc_column width=&#8221;1\/2&#8243;][vc_empty_space height=&#8221;150px&#8221;][tt_lc_title_shortcode title=&#8221;Quienes Somos&#8221; text=&#8221;Contamos con un predio de 6000 mt cuadrados, donde se encuentra ubicada nuestra Planta Industrial, este mismo nos garantiza un espacio en el cual podemos desarrollar todas nuestras tareas, desde el punto de vista productivo y log\u00edstico.<br \/>\nA su vez tenemos una pol\u00edtica de innovaci\u00f3n continua y ampliaci\u00f3n en maquinarias, que nos permite potenciar y mejorar nuestra capacidad productiva, as\u00ed de esta forma podemos cumplir con todas las atenciones y necesidades que nuestros clientes merecen.<\/p>\n<p>Tenemos un equipo de trabajo conformado por m\u00e1s de 30 personas, que se desempe\u00f1an en las diferentes \u00e1reas de nuestra empresa.<br \/>\n\u00c1rea de extrusi\u00f3n: 7 Extruder para la Fabricaci\u00f3n de Film Tubulares y Planos<br \/>\n\u00c1rea de impresi\u00f3n: Una imprenta con capacidad de hasta 4 tintas diferentes.<br \/>\n\u00c1rea de confecci\u00f3n: Seis confeccionadoras para la Fabricaci\u00f3n de Bolsas de Baja Densidad, Alta Densidad o Polipropileno (Lisas, Impresas), en todos sus tama\u00f1os y una Rollera para la fabricaci\u00f3n de piquelado en Rollo.<\/p>\n<p>Nuestro personal de experiencia, fortalece a los m\u00e1s j\u00f3venes a la hora de realizar las diversas tareas. Para reflejar en todo \u00e1mbito los valores innegociables que ponderamos.&#8221; css=&#8221;.vc_custom_1627411516570{background-position: center !important;background-repeat: no-repeat !important;background-size: contain !important;}&#8221;][\/vc_column][vc_column width=&#8221;1\/2&#8243;][vc_empty_space height=&#8221;150px&#8221;][vc_single_image image=&#8221;1040&#8243; img_size=&#8221;large&#8221; alignment=&#8221;right&#8221; style=&#8221;vc_box_shadow_border&#8221; css_animation=&#8221;fadeIn&#8221;][\/vc_column][\/vc_row][vc_row][vc_column][vc_empty_space height=&#8221;50px&#8221;][\/vc_column][\/vc_row]<\/p>\n","protected":false},"excerpt":{"rendered":"<p>[vc_row full_width=&#8221;stretch_row&#8221; css=&#8221;.vc_custom_1461251963283{background-color: #f4f5f7 !important;}&#8221;][vc_column width=&#8221;1\/2&#8243;][vc_empty_space height=&#8221;150px&#8221;][tt_lc_title_shortcode title=&#8221;Quienes Somos&#8221; text=&#8221;Contamos con un predio de 6000 mt cuadrados, donde se encuentra ubicada nuestra Planta Industrial, este mismo nos garantiza un espacio en el cual podemos desarrollar todas nuestras tareas, desde el punto de vista productivo y log\u00edstico. A su vez tenemos una pol\u00edtica de innovaci\u00f3n continua [&hellip;]<\/p>\n","protected":false},"author":1,"featured_media":0,"parent":0,"menu_order":0,"comment_status":"closed","ping_status":"closed","template":"","meta":[],"_links":{"self":[{"href":"http:\/\/www.rendef.com.uy\/index.php?rest_route=\/wp\/v2\/pages\/164"}],"collection":[{"href":"http:\/\/www.rendef.com.uy\/index.php?rest_route=\/wp\/v2\/pages"}],"about":[{"href":"http:\/\/www.rendef.com.uy\/index.php?rest_route=\/wp\/v2\/types\/page"}],"author":[{"embeddable":true,"href":"http:\/\/www.rendef.com.uy\/index.php?rest_route=\/wp\/v2\/users\/1"}],"replies":[{"embeddable":true,"href":"http:\/\/www.rendef.com.uy\/index.php?rest_route=%2Fwp%2Fv2%2Fcomments&post=164"}],"version-history":[{"count":12,"href":"http:\/\/www.rendef.com.uy\/index.php?rest_route=\/wp\/v2\/pages\/164\/revisions"}],"predecessor-version":[{"id":1041,"href":"http:\/\/www.rendef.com.uy\/index.php?rest_route=\/wp\/v2\/pages\/164\/revisions\/1041"}],"wp:attachment":[{"href":"http:\/\/www.rendef.com.uy\/index.php?rest_route=%2Fwp%2Fv2%2Fmedia&parent=164"}],"curies":[{"name":"wp","href":"https:\/\/api.w.org\/{rel}","templated":true}]}}