{"id":230,"date":"2016-03-09T07:54:16","date_gmt":"2016-03-09T10:54:16","guid":{"rendered":"http:\/\/shtheme.com\/demosd\/logis-cargo\/?page_id=230"},"modified":"2021-04-16T14:19:56","modified_gmt":"2021-04-16T17:19:56","slug":"home","status":"publish","type":"page","link":"http:\/\/www.rendef.com.uy\/","title":{"rendered":"Pagina de Inicio"},"content":{"rendered":"<p>[vc_row full_width=&#8221;stretch_row_content_no_spaces&#8221;][vc_column][rev_slider_vc alias=&#8221;home&#8221;][\/vc_column][\/vc_row][vc_row full_width=&#8221;stretch_row_content&#8221; el_class=&#8221;.welcome-services.home-one&#8221;][vc_column][vc_empty_space height=&#8221;80px&#8221;] \r\n<section class=\"about-info-box sec-padding\" style=\"background: #ffffff url(http:\/\/www.rendef.com.uy\/wp-content\/uploads\/2021\/04\/inicio.jpg) bottom right no-repeat;\">\r\n    <div class=\"thm-container\">\r\n        <div class=\"row\">\r\n            <div class=\"col-md-4 hidden-sm\">\r\n                <div class=\"img-cap-effect\">\r\n                    <div class=\"img-box\">\r\n                        <img src=\"http:\/\/www.rendef.com.uy\/wp-content\/uploads\/2021\/03\/portal.jpg\" alt=\"Awesome Image\"\/>\r\n                        <div class=\"img-caption\">\r\n                            <div class=\"box-holder\"><\/div>\r\n                        <\/div>\r\n                    <\/div>\r\n                <\/div>\r\n            <\/div>\r\n            <div class=\"col-md-8\">\r\n                <div class=\"sec-title \">\r\n                    <h2><span>Fabricaci\u00f3n de Envases Flexibles Pl\u00e1sticos<\/span><\/h2>\r\n                    <p>Somos una empresa Uruguaya, joven, en continuo proceso de crecimiento y desarrollo en la fabricaci\u00f3n de pl\u00e1sticos flexibles en sus diferentes formas: Polietileno de Baja Densidad, Polietileno de Alta Densidad, y Polipropileno. Contamos con un personal profesionalizado de hace m\u00e1s de 20 a\u00f1os de experiencia en el rubro, garantizando calidad y confianza hacia nuestros clientes.<\/p>\r\n                    <ul class=\"bulleted-list\">\r\n                        <li><i class=\"fa fa-arrow-circle-right\"><\/i> Pasi\u00f3n por lo que hacemos<\/li>                        <li><i class=\"fa fa-arrow-circle-right\"><\/i> Idoneidad<\/li>                        <li><i class=\"fa fa-arrow-circle-right\"><\/i> Compromiso con la urgencia<\/li>                        <li><i class=\"fa fa-arrow-circle-right\"><\/i> Confidencialidad<\/li>                        <li><i class=\"fa fa-arrow-circle-right\"><\/i> Lealtad y Honestidad para con el cliente<\/li>                    <\/ul>\r\n                    <a href=\"http:\/\/www.rendef.com.uy\/?page_id=178\" class=\"thm-btn\">Contacto <i class=\"fa fa-arrow-right\"><\/i><\/a>                <\/div>\r\n            <\/div>\r\n        <\/div>\r\n    <\/div>\r\n<\/section>\r\n\r\n\r\n[vc_empty_space height=&#8221;40px&#8221;][\/vc_column][\/vc_row][vc_row][vc_column width=&#8221;2\/3&#8243;][vc_empty_space height=&#8221;50px&#8221;][tt_lc_title_shortcode title=&#8221;ALGUNOS DE NUESTROS VALORES FUNDAMENTALES&#8221;]<div data-grp-name=\"faq-accrodion\" class=\"accrodion-grp faq-accrodion\">\r\n    <div class=\"accrodion active\">\r\n    <div class=\"accrodion-title\">\r\n        <h4>NUESTRA MISI\u00d3N<\/h4>\r\n    <\/div>\r\n    <div class=\"accrodion-content\">\r\n        <div class=\"img-caption\">\r\n                        <div class=\"img-box\">\r\n                <img src=\"http:\/\/www.rendef.com.uy\/wp-content\/uploads\/2021\/04\/mision-2.jpg\" alt=\"\" \/>\r\n            <\/div>\r\n                        <div class=\"content-box\">\r\n                                <p>Buscamos que cada uno de nuestros clientes obtengan los mejores productos, en las diversas variedades que ofrecemos. Garantizando como empresa seguridad, confianza y gran capacidad en el desarrollo de nuestro cat\u00e1logo y as\u00ed de esta forma lograr la satisfacci\u00f3n de todos aquellos que deciden acompa\u00f1arnos.<\/p>                <ul>\r\n                                    <\/ul>\r\n            <\/div>\r\n        <\/div>\r\n    <\/div>\r\n    <\/div>\r\n<\/div>\r\n\r\n<div data-grp-name=\"faq-accrodion\" class=\"accrodion-grp faq-accrodion\">\r\n    <div class=\"accrodion \">\r\n    <div class=\"accrodion-title\">\r\n        <h4>NUESTRA VISI\u00d3N<\/h4>\r\n    <\/div>\r\n    <div class=\"accrodion-content\">\r\n        <div class=\"img-caption\">\r\n                        <div class=\"img-box\">\r\n                <img src=\"http:\/\/www.rendef.com.uy\/wp-content\/uploads\/2021\/04\/vision-2.jpg\" alt=\"\" \/>\r\n            <\/div>\r\n                        <div class=\"content-box\">\r\n                                <p>\u201cLa Expansi\u00f3n de cada uno de nuestros productos a lo largo y ancho del Pa\u00eds\u201d.<\/p>\n<p>Delineamos como objetivo ser una Empresa l\u00edder en la fabricaci\u00f3n de los productos que ya desarrollamos. A su vez determinamos como indispensable inclinarnos hacia el concepto de las 3R en el reciclaje, reciclando, reutilizando y reduciendo aquellos \u201cdesperdicios\u201d que generamos en nuestra producci\u00f3n.<\/p>\n<p>Estamos orientados a ser la mayor fuente laboral de nuestro pueblo (Toledo, Canelones), fomentando el crecimiento del mismo y garantizando estabilidad en el tiempo.<\/p>                <ul>\r\n                                    <\/ul>\r\n            <\/div>\r\n        <\/div>\r\n    <\/div>\r\n    <\/div>\r\n<\/div>\r\n\r\n<div data-grp-name=\"faq-accrodion\" class=\"accrodion-grp faq-accrodion\">\r\n    <div class=\"accrodion \">\r\n    <div class=\"accrodion-title\">\r\n        <h4>NUESTROS VALORES<\/h4>\r\n    <\/div>\r\n    <div class=\"accrodion-content\">\r\n        <div class=\"img-caption\">\r\n                        <div class=\"img-box\">\r\n                <img src=\"http:\/\/www.rendef.com.uy\/wp-content\/uploads\/2021\/04\/NOSOTROS-1.jpg\" alt=\"\" \/>\r\n            <\/div>\r\n                        <div class=\"content-box\">\r\n                                <p>Creemos en el trabajo en equipo como pieza fundamental para el correcto funcionamiento de todas nuestras actividades.<\/p>\n<p>Vemos a la actitud como elemento principal al momento de realizar cada una de las tareas, ya sea a la hora de solucionar un problema, de adquirir nuevos conocimientos, de escuchar, y esmerarse para ser cada d\u00eda un poco mejor.<\/p>\n<p>La responsabilidad y el compromiso van en paralelo, son pilares fundamentales en toda estructura de trabajo y hacemos hincapi\u00e9 continuo en estos conceptos. Creemos en la sinergia del trabajo en conjunto.<\/p>\n<p>Las dificultades las tomamos como nuevas oportunidades, respald\u00e1ndonos en nuestras virtudes.<\/p>\n<p>Los valores de nuestra empresa son innegociables, ya que ampar\u00e1ndonos en estos conceptos, d\u00eda a d\u00eda vamos evolucionando y fortaleciendo nuestro equipo de trabajo.<\/p>                <ul>\r\n                                    <\/ul>\r\n            <\/div>\r\n        <\/div>\r\n    <\/div>\r\n    <\/div>\r\n<\/div>\r\n\r\n[vc_empty_space height=&#8221;80px&#8221;][\/vc_column][vc_column width=&#8221;1\/3&#8243; type=&#8221;column&#8221;][vc_empty_space height=&#8221;50px&#8221;] \r\n<div class=\"sec-title\">\r\n    <h2><span>NUESTRA LOCALIZACI\u00d3N<\/span><\/h2>\r\n<\/div>\r\n<div class=\"view-location\">\r\n    <img src=\"http:\/\/www.rendef.com.uy\/wp-content\/uploads\/2021\/03\/PLANO-MUESTRA.jpg\" alt=\"Awesome Image\"\/>\r\n    <p>Abrevadero s\/n padr\u00f3n 57532 Toledo | Canelones - Uruguay<\/p>\r\n    <a href=\"https:\/\/www.google.com\/maps\/place\/34%C2%B043&#039;15.8%22S+56%C2%B003&#039;55.9%22W\/@-34.7210464,-56.0677214,17z\/data=!3m1!4b1!4m5!3m4!1s0x0:0x0!8m2!3d-34.7210464!4d-56.0655327?hl=es\">VER LOCALIZACI\u00d3N<\/a>\r\n<\/div>\r\n\r\n[\/vc_column][\/vc_row][vc_row full_width=&#8221;stretch_row&#8221; css=&#8221;.vc_custom_1617151446643{padding-top: 20px !important;padding-bottom: 50px !important;background-color: #293545 !important;}&#8221; el_class=&#8221;featured-services style-two&#8221;][vc_column width=&#8221;1\/3&#8243;][vc_empty_space height=&#8221;12px&#8221;][vc_single_image image=&#8221;832&#8243; img_size=&#8221;full&#8221; alignment=&#8221;center&#8221; style=&#8221;vc_box_outline&#8221; css_animation=&#8221;fadeInLeft&#8221;][\/vc_column][vc_column width=&#8221;2\/3&#8243;][vc_row_inner][vc_column_inner width=&#8221;1\/2&#8243;]    <div class=\"single-featured-service\">\r\n        <header>\r\n            <div class=\"icon-box\">\r\n                <i class=\"flaticon-commercial15\"><\/i>\r\n            <\/div>\r\n            <div class=\"title-box\">\r\n                <h3><span>La Empresa<\/span><\/h3>\r\n            <\/div>                      \r\n        <\/header>\r\n        <article>\r\n            <p>Tenemos un equipo de trabajo conformado por m\u00e1s de 30 personas, que se desempe\u00f1an en las diferentes \u00e1reas de nuestra empresa.<br \/>\nSr. Daniel Rodr\u00edguez a cargo de influenciar y capacitar en base a su ardua experiencia a nuestro equipo de trabajo. Esto nos garantiza experiencia, sabidur\u00eda, eficiencia y aprendizaje constante en cada una de nuestras \u00e1reas.<\/p>\r\n                       <\/article>\r\n    <\/div>\r\n\r\n\r\n    <div class=\"single-featured-service\">\r\n        <header>\r\n            <div class=\"icon-box\">\r\n                <i class=\"flaticon-woman93\"><\/i>\r\n            <\/div>\r\n            <div class=\"title-box\">\r\n                <h3><span>\u00c1rea de extrusi\u00f3n<\/span><\/h3>\r\n            <\/div>                      \r\n        <\/header>\r\n        <article>\r\n            <p>5 extruder para la fabricaci\u00f3n de Polietileno Baja Densidad en sus diferentes formas.<\/p>\n<p>2 extruder para la fabricaci\u00f3n de Polietileno Alta Densidad<\/p>\n<p>1 extruder para la fabricaci\u00f3n de Polipropileno<\/p>\r\n                       <\/article>\r\n    <\/div>\r\n\r\n\r\n[\/vc_column_inner][vc_column_inner width=&#8221;1\/2&#8243;]    <div class=\"single-featured-service\">\r\n        <header>\r\n            <div class=\"icon-box\">\r\n                <i class=\"flaticon-airplane68\"><\/i>\r\n            <\/div>\r\n            <div class=\"title-box\">\r\n                <h3><span>Fabricamos<\/span><\/h3>\r\n            <\/div>                      \r\n        <\/header>\r\n        <article>\r\n            <p>Film T\u00e9cnicos para Envasado Autom\u00e1tico y Termo-Contra\u00edbles; tambi\u00e9n poseemos una Extrusora de Polipropileno para la fabricaci\u00f3n de Film Tubulares y Planos (Lisos, Impresos o en Colores), desde 20cm a 120cm de ancho en 25\/300 Micrones en Polietileno Baja Densidad, Baja Densidad Lineal, Politetileno Alta Densidad y mezclas de Polietileno.<\/p>\r\n                       <\/article>\r\n    <\/div>\r\n\r\n\r\n    <div class=\"single-featured-service\">\r\n        <header>\r\n            <div class=\"icon-box\">\r\n                <i class=\"flaticon-delivery18\"><\/i>\r\n            <\/div>\r\n            <div class=\"title-box\">\r\n                <h3><span>Impresi\u00f3n y COnfecci\u00f3n<\/span><\/h3>\r\n            <\/div>                      \r\n        <\/header>\r\n        <article>\r\n            <p>\u00c1rea de impresi\u00f3n: Una imprenta con capacidad de hasta 4 tintas diferentes.<br \/>\n\u00c1rea de confecci\u00f3n: Seis confeccionadoras para la Fabricaci\u00f3n de Bolsas de Baja Densidad, Alta Densidad o Polipropileno (Lisas, Impresas), en todos sus tama\u00f1os y una Rollera para la fabricaci\u00f3n de piquelado en Rollo.<\/p>\r\n                       <\/article>\r\n    <\/div>\r\n\r\n\r\n[\/vc_column_inner][\/vc_row_inner][\/vc_column][\/vc_row][vc_row full_width=&#8221;stretch_row&#8221; css=&#8221;.vc_custom_1616033424744{background-image: url(http:\/\/www.rendef.com.uy\/wp-content\/uploads\/2021\/03\/portal6.jpg?id=835) !important;}&#8221; el_class=&#8221;tt-has-overlay tt-bg-fixed&#8221;][vc_column width=&#8221;1\/2&#8243; type=&#8221;column&#8221; el_class=&#8221;tt-column-overlay&#8221;][vc_empty_space height=&#8221;45px&#8221;][tt_lc_title_shortcode title=&#8221;TESTIMONIOS&#8221; txt_color=&#8221;#ffffff&#8221;]    <div class=\"sec-padding has-overlay tt-dark-testimony\">\r\n                <div class=\"testimonial-box with-carousel\">\r\n            <div class=\"owl-carousel owl-theme\">\r\n                                <div class=\"item\">\r\n                    <div class=\"content-box\">\r\n                        <div class=\"top\">\r\n                            <div class=\"qoute-box\">\r\n                                \"\r\n                            <\/div>\r\n                            <div class=\"title\">\r\n                                <h3>RENDEF es una GRAN EMPRESA !!<\/h3>\r\n                            <\/div>\r\n                        <\/div>                      \r\n                        <div class=\"content\">                           \r\n                            <p><p>Nos contactamos con Diego Gonz\u00e1lez y realmente la respuesta fue r\u00e1pida y efectiva con informaci\u00f3n clara y sencilla. Han escuchado y sabido entender lo que quer\u00edamos y nos asesoraron con paciencia y sin presiones, ofreci\u00e9ndonos muchas posibilidades y herramientas entre las cuales elegir. Este proceso nos llev\u00f3 en poco tiempo a obtener lo que est\u00e1bamos pidiendo. \u00a1Totalmente recomendables!<\/p>\n<\/p>\r\n                        \r\n                        \r\n                        <\/div>\r\n                    <\/div>\r\n                <\/div>\r\n                                <div class=\"item\">\r\n                    <div class=\"content-box\">\r\n                        <div class=\"top\">\r\n                            <div class=\"qoute-box\">\r\n                                \"\r\n                            <\/div>\r\n                            <div class=\"title\">\r\n                                <h3>MUY RESPONSABLES!, LOS RECOMIENDO<\/h3>\r\n                            <\/div>\r\n                        <\/div>                      \r\n                        <div class=\"content\">                           \r\n                            <p><p>Nuestra empresa ha obtenido un buen resultado con las recomendaciones que nos dieron y todo el tiempo de instrucci\u00f3n que nos brindaron. Destaco la rapidez de contestaci\u00f3n a la hora de sacarnos dudas o cuando hab\u00eda alg\u00fan inconveniente, siempre dispuestos. Estamos muy contentos con el resultado.<\/p>\n<\/p>\r\n                        \r\n                        \r\n                        <\/div>\r\n                    <\/div>\r\n                <\/div>\r\n                                <div class=\"item\">\r\n                    <div class=\"content-box\">\r\n                        <div class=\"top\">\r\n                            <div class=\"qoute-box\">\r\n                                \"\r\n                            <\/div>\r\n                            <div class=\"title\">\r\n                                <h3>EXCELENTES<\/h3>\r\n                            <\/div>\r\n                        <\/div>                      \r\n                        <div class=\"content\">                           \r\n                            <p><p>Cuando decidimos utilizar los servicios de Rendef; Su equipo nos brind\u00f3 una capacitaci\u00f3n excelente para interactuar r\u00e1pidamente. Estamos mas que satisfechos y c\u00f3modos. Esperamos seguir creciendo y trabajando por muchos a\u00f1os, nuestras Felicitaciones !!<\/p>\n<\/p>\r\n                        \r\n                        \r\n                        <\/div>\r\n                    <\/div>\r\n                <\/div>\r\n                                \r\n            <\/div>\r\n        <\/div>\r\n    <\/div>\r\n    [vc_empty_space height=&#8221;64px&#8221;][\/vc_column][vc_column width=&#8221;1\/2&#8243;][vc_row_inner][vc_column_inner][vc_empty_space height=&#8221;45px&#8221;][tt_lc_title_shortcode title=&#8221;SOLICITUD DE PRESUPUESTO&#8221; txt_color=&#8221;#ffffff&#8221;]<div role=\"form\" class=\"wpcf7\" id=\"wpcf7-f359-o1\" lang=\"en-US\" dir=\"ltr\">\n<div class=\"screen-reader-response\"><p role=\"status\" aria-live=\"polite\" aria-atomic=\"true\"><\/p> <ul><\/ul><\/div>\n<form action=\"\/index.php?rest_route=%2Fwp%2Fv2%2Fpages%2F230#wpcf7-f359-o1\" method=\"post\" class=\"wpcf7-form init\" novalidate=\"novalidate\" data-status=\"init\">\n<div style=\"display: none;\">\n<input type=\"hidden\" name=\"_wpcf7\" value=\"359\" \/>\n<input type=\"hidden\" name=\"_wpcf7_version\" value=\"5.4\" \/>\n<input type=\"hidden\" name=\"_wpcf7_locale\" value=\"en_US\" \/>\n<input type=\"hidden\" name=\"_wpcf7_unit_tag\" value=\"wpcf7-f359-o1\" \/>\n<input type=\"hidden\" name=\"_wpcf7_container_post\" value=\"0\" \/>\n<input type=\"hidden\" name=\"_wpcf7_posted_data_hash\" value=\"\" \/>\n<\/div>\n<div class=\"request-qoute has-overlay request-form\" >\n<div class=\"contact-form\" >\n<div class=\"form-grp full\">\n<span class=\"wpcf7-form-control-wrap your-name\"><input type=\"text\" name=\"your-name\" value=\"\" size=\"40\" class=\"wpcf7-form-control wpcf7-text wpcf7-validates-as-required\" aria-required=\"true\" aria-invalid=\"false\" placeholder=\"Nombre*\" \/><\/span>\n<\/div>\n<div class=\"form-grp full\">\n<span class=\"wpcf7-form-control-wrap your-name\"><input type=\"email\" name=\"your-name\" value=\"\" size=\"40\" class=\"wpcf7-form-control wpcf7-text wpcf7-email wpcf7-validates-as-required wpcf7-validates-as-email\" aria-required=\"true\" aria-invalid=\"false\" placeholder=\"Correo electr\u00f3nico*\" \/><\/span>\n<\/div>\n<div class=\"form-grp\">\n<span class=\"wpcf7-form-control-wrap your-message\"><textarea name=\"your-message\" cols=\"40\" rows=\"10\" class=\"wpcf7-form-control wpcf7-textarea\" aria-invalid=\"false\" placeholder=\"Mensaje\"><\/textarea><\/span>\n<\/div>\n<div class=\"cfform-submit\">\n<input type=\"submit\" value=\"ENVIAR\" class=\"wpcf7-form-control wpcf7-submit\" \/>\n<\/div>\n<\/div>\n<\/div>\n<div class=\"wpcf7-response-output\" aria-hidden=\"true\"><\/div><\/form><\/div>[\/vc_column_inner][\/vc_row_inner][\/vc_column][\/vc_row][vc_row full_width=&#8221;stretch_row&#8221; el_class=&#8221;tt-has-overlay tt-bg-fixed&#8221; css=&#8221;.vc_custom_1616033637431{background-image: url(http:\/\/www.rendef.com.uy\/wp-content\/uploads\/2021\/03\/portal7.jpg?id=837) !important;}&#8221;][vc_column type=&#8221;none&#8221;][vc_empty_space height=&#8221;35px&#8221;][vc_row_inner][vc_column_inner width=&#8221;1\/3&#8243;] \r\n    <div class=\"single-fact-counter\">\r\n        <div class=\"icon-box\">\r\n            <i class=\"icon icon-User\"><\/i>\r\n        <\/div>\r\n        <div class=\"text-box\">\r\n            <h4 class=\"timer\" data-from=\"0\" data-to=\"32\"><\/h4>\r\n            <p>CLIENTES<\/p>\r\n        <\/div>\r\n    <\/div>\r\n\r\n\r\n[\/vc_column_inner][vc_column_inner width=&#8221;1\/3&#8243;] \r\n    <div class=\"single-fact-counter\">\r\n        <div class=\"icon-box\">\r\n            <i class=\"icon icon-WorldGlobe\"><\/i>\r\n        <\/div>\r\n        <div class=\"text-box\">\r\n            <h4 class=\"timer\" data-from=\"0\" data-to=\"1248\"><\/h4>\r\n            <p>PRODUCTOS FABRICADOS<\/p>\r\n        <\/div>\r\n    <\/div>\r\n\r\n\r\n[\/vc_column_inner][vc_column_inner width=&#8221;1\/3&#8243;] \r\n    <div class=\"single-fact-counter\">\r\n        <div class=\"icon-box\">\r\n            <i class=\"icon icon-Briefcase\"><\/i>\r\n        <\/div>\r\n        <div class=\"text-box\">\r\n            <h4 class=\"timer\" data-from=\"0\" data-to=\"11678\"><\/h4>\r\n            <p>SERVICIOS REALIZADOS<\/p>\r\n        <\/div>\r\n    <\/div>\r\n\r\n\r\n[\/vc_column_inner][\/vc_row_inner][vc_empty_space height=&#8221;80px&#8221;][\/vc_column][\/vc_row]<\/p>\n","protected":false},"excerpt":{"rendered":"<p>[vc_row full_width=&#8221;stretch_row_content_no_spaces&#8221;][vc_column][rev_slider_vc alias=&#8221;home&#8221;][\/vc_column][\/vc_row][vc_row full_width=&#8221;stretch_row_content&#8221; el_class=&#8221;.welcome-services.home-one&#8221;][vc_column][vc_empty_space height=&#8221;80px&#8221;][vc_empty_space height=&#8221;40px&#8221;][\/vc_column][\/vc_row][vc_row][vc_column width=&#8221;2\/3&#8243;][vc_empty_space height=&#8221;50px&#8221;][tt_lc_title_shortcode title=&#8221;ALGUNOS DE NUESTROS VALORES FUNDAMENTALES&#8221;][vc_empty_space height=&#8221;80px&#8221;][\/vc_column][vc_column width=&#8221;1\/3&#8243; type=&#8221;column&#8221;][vc_empty_space height=&#8221;50px&#8221;][\/vc_column][\/vc_row][vc_row full_width=&#8221;stretch_row&#8221; css=&#8221;.vc_custom_1617151446643{padding-top: 20px !important;padding-bottom: 50px !important;background-color: #293545 !important;}&#8221; el_class=&#8221;featured-services style-two&#8221;][vc_column width=&#8221;1\/3&#8243;][vc_empty_space height=&#8221;12px&#8221;][vc_single_image image=&#8221;832&#8243; img_size=&#8221;full&#8221; alignment=&#8221;center&#8221; style=&#8221;vc_box_outline&#8221; css_animation=&#8221;fadeInLeft&#8221;][\/vc_column][vc_column width=&#8221;2\/3&#8243;][vc_row_inner][vc_column_inner width=&#8221;1\/2&#8243;][\/vc_column_inner][vc_column_inner width=&#8221;1\/2&#8243;][\/vc_column_inner][\/vc_row_inner][\/vc_column][\/vc_row][vc_row full_width=&#8221;stretch_row&#8221; css=&#8221;.vc_custom_1616033424744{background-image: url(http:\/\/www.rendef.com.uy\/wp-content\/uploads\/2021\/03\/portal6.jpg?id=835) !important;}&#8221; el_class=&#8221;tt-has-overlay tt-bg-fixed&#8221;][vc_column width=&#8221;1\/2&#8243; type=&#8221;column&#8221; el_class=&#8221;tt-column-overlay&#8221;][vc_empty_space height=&#8221;45px&#8221;][tt_lc_title_shortcode title=&#8221;TESTIMONIOS&#8221; txt_color=&#8221;#ffffff&#8221;][vc_empty_space height=&#8221;64px&#8221;][\/vc_column][vc_column width=&#8221;1\/2&#8243;][vc_row_inner][vc_column_inner][vc_empty_space height=&#8221;45px&#8221;][tt_lc_title_shortcode title=&#8221;SOLICITUD DE [&hellip;]<\/p>\n","protected":false},"author":1,"featured_media":0,"parent":0,"menu_order":0,"comment_status":"closed","ping_status":"closed","template":"","meta":[],"_links":{"self":[{"href":"http:\/\/www.rendef.com.uy\/index.php?rest_route=\/wp\/v2\/pages\/230"}],"collection":[{"href":"http:\/\/www.rendef.com.uy\/index.php?rest_route=\/wp\/v2\/pages"}],"about":[{"href":"http:\/\/www.rendef.com.uy\/index.php?rest_route=\/wp\/v2\/types\/page"}],"author":[{"embeddable":true,"href":"http:\/\/www.rendef.com.uy\/index.php?rest_route=\/wp\/v2\/users\/1"}],"replies":[{"embeddable":true,"href":"http:\/\/www.rendef.com.uy\/index.php?rest_route=%2Fwp%2Fv2%2Fcomments&post=230"}],"version-history":[{"count":85,"href":"http:\/\/www.rendef.com.uy\/index.php?rest_route=\/wp\/v2\/pages\/230\/revisions"}],"predecessor-version":[{"id":999,"href":"http:\/\/www.rendef.com.uy\/index.php?rest_route=\/wp\/v2\/pages\/230\/revisions\/999"}],"wp:attachment":[{"href":"http:\/\/www.rendef.com.uy\/index.php?rest_route=%2Fwp%2Fv2%2Fmedia&parent=230"}],"curies":[{"name":"wp","href":"https:\/\/api.w.org\/{rel}","templated":true}]}}